{"id":3,"date":"2022-03-22T14:03:16","date_gmt":"2022-03-22T14:03:16","guid":{"rendered":"https:\/\/petmania.vamtam.com\/?page_id=3"},"modified":"2026-02-16T18:06:27","modified_gmt":"2026-02-16T18:06:27","slug":"politica-de-privacidade","status":"publish","type":"page","link":"https:\/\/pawla.pt\/index.php\/politica-de-privacidade\/","title":{"rendered":"Pol\u00edtica de privacidade"},"content":{"rendered":"\t\t<div data-elementor-type=\"wp-page\" data-elementor-id=\"3\" class=\"elementor elementor-3\" data-elementor-post-type=\"page\">\n\t\t\t\t\t\t<section class=\"elementor-section elementor-top-section elementor-element elementor-element-d0d5c0f elementor-section-boxed elementor-section-height-default elementor-section-height-default\" data-id=\"d0d5c0f\" data-element_type=\"section\" data-e-type=\"section\">\n\t\t\t\t\t\t<div class=\"elementor-container elementor-column-gap-no\">\n\t\t\t\t\t<div class=\"elementor-column elementor-col-100 elementor-top-column elementor-element elementor-element-da6f807\" data-id=\"da6f807\" data-element_type=\"column\" data-e-type=\"column\">\n\t\t\t<div class=\"elementor-widget-wrap elementor-element-populated\">\n\t\t\t\t\t\t<div class=\"elementor-element elementor-element-309b0a3 elementor-widget__width-auto elementor-view-default elementor-invisible elementor-widget elementor-widget-icon\" data-id=\"309b0a3\" data-element_type=\"widget\" data-e-type=\"widget\" data-settings=\"{&quot;_animation&quot;:&quot;bounceIn&quot;}\" data-widget_type=\"icon.default\">\n\t\t\t\t<div class=\"elementor-widget-container\">\n\t\t\t\t\t\t\t<div class=\"elementor-icon-wrapper\">\n\t\t\t<div class=\"elementor-icon\">\n\t\t\t<i aria-hidden=\"true\" class=\"vamtamtheme- vamtam-theme-splash-right\"><\/i>\t\t\t<\/div>\n\t\t<\/div>\n\t\t\t\t\t\t<\/div>\n\t\t\t\t<\/div>\n\t\t\t\t\t<\/div>\n\t\t<\/div>\n\t\t\t\t\t<\/div>\n\t\t<\/section>\n\t\t\t\t<section class=\"elementor-section elementor-top-section elementor-element elementor-element-42ad53a elementor-reverse-mobile elementor-section-boxed elementor-section-height-default elementor-section-height-default\" data-id=\"42ad53a\" data-element_type=\"section\" data-e-type=\"section\">\n\t\t\t\t\t\t<div class=\"elementor-container elementor-column-gap-no\">\n\t\t\t\t\t<div class=\"elementor-column elementor-col-100 elementor-top-column elementor-element elementor-element-bed44a7\" data-id=\"bed44a7\" data-element_type=\"column\" data-e-type=\"column\">\n\t\t\t<div class=\"elementor-widget-wrap elementor-element-populated\">\n\t\t\t\t\t\t<div class=\"vamtam-has-theme-widget-styles elementor-element elementor-element-6797314 elementor-widget elementor-widget-text-editor\" data-id=\"6797314\" data-element_type=\"widget\" data-e-type=\"widget\" data-widget_type=\"text-editor.default\">\n\t\t\t\t<div class=\"elementor-widget-container\">\n\t\t\t\t\t\t\t\t\t<p data-start=\"122\" data-end=\"297\">A presente Pol\u00edtica de Privacidade descreve como os dados pessoais s\u00e3o recolhidos, utilizados e protegidos no website <strong data-start=\"240\" data-end=\"252\">pawla.pt<\/strong>, sob responsabilidade de <strong data-start=\"278\" data-end=\"296\">Paula Pinheiro<\/strong>.<\/p>\n<p data-start=\"299\" data-end=\"401\">Ao utilizar este website, o utilizador concorda com os termos descritos nesta Pol\u00edtica de Privacidade.<\/p>\t\t\t\t\t\t\t\t<\/div>\n\t\t\t\t<\/div>\n\t\t\t\t<div class=\"elementor-element elementor-element-0d7a6a2 elementor-widget-divider--view-line elementor-widget elementor-widget-divider\" data-id=\"0d7a6a2\" data-element_type=\"widget\" data-e-type=\"widget\" data-widget_type=\"divider.default\">\n\t\t\t\t<div class=\"elementor-widget-container\">\n\t\t\t\t\t\t\t<div class=\"elementor-divider\">\n\t\t\t<span class=\"elementor-divider-separator\">\n\t\t\t\t\t\t<\/span>\n\t\t<\/div>\n\t\t\t\t\t\t<\/div>\n\t\t\t\t<\/div>\n\t\t\t\t<div class=\"elementor-element elementor-element-eeaeeb0 elementor-widget elementor-widget-heading\" data-id=\"eeaeeb0\" data-element_type=\"widget\" data-e-type=\"widget\" data-widget_type=\"heading.default\">\n\t\t\t\t<div class=\"elementor-widget-container\">\n\t\t\t\t\t<h3 class=\"elementor-heading-title elementor-size-default\">1. Respons\u00e1vel pelo Tratamento dos Dados<\/h3>\t\t\t\t<\/div>\n\t\t\t\t<\/div>\n\t\t\t\t<div class=\"vamtam-has-theme-widget-styles elementor-element elementor-element-ef24681 elementor-widget elementor-widget-text-editor\" data-id=\"ef24681\" data-element_type=\"widget\" data-e-type=\"widget\" data-widget_type=\"text-editor.default\">\n\t\t\t\t<div class=\"elementor-widget-container\">\n\t\t\t\t\t\t\t\t\t<p data-start=\"453\" data-end=\"504\">A respons\u00e1vel pelo tratamento dos dados pessoais \u00e9:<\/p>\n<p data-start=\"506\" data-end=\"630\"><strong data-start=\"506\" data-end=\"524\">Paula Pinheiro<\/strong><br data-start=\"524\" data-end=\"527\" \/>Email para contacto sobre prote\u00e7\u00e3o de dados: <em data-start=\"572\" data-end=\"601\">ola@pawla.pt<\/em><br data-start=\"601\" data-end=\"604\" \/>Website: <em><a class=\"decorated-link\" href=\"https:\/\/pawla.pt\/\" target=\"_new\" rel=\"noopener\" data-start=\"613\" data-end=\"630\">https:\/\/pawla.pt\/<\/a><\/em><\/p>\t\t\t\t\t\t\t\t<\/div>\n\t\t\t\t<\/div>\n\t\t\t\t<div class=\"elementor-element elementor-element-1c1010a elementor-widget-divider--view-line elementor-widget elementor-widget-divider\" data-id=\"1c1010a\" data-element_type=\"widget\" data-e-type=\"widget\" data-widget_type=\"divider.default\">\n\t\t\t\t<div class=\"elementor-widget-container\">\n\t\t\t\t\t\t\t<div class=\"elementor-divider\">\n\t\t\t<span class=\"elementor-divider-separator\">\n\t\t\t\t\t\t<\/span>\n\t\t<\/div>\n\t\t\t\t\t\t<\/div>\n\t\t\t\t<\/div>\n\t\t\t\t<div class=\"elementor-element elementor-element-88cf362 elementor-widget elementor-widget-heading\" data-id=\"88cf362\" data-element_type=\"widget\" data-e-type=\"widget\" data-widget_type=\"heading.default\">\n\t\t\t\t<div class=\"elementor-widget-container\">\n\t\t\t\t\t<h3 class=\"elementor-heading-title elementor-size-default\">2. Dados Pessoais Recolhidos<\/h3>\t\t\t\t<\/div>\n\t\t\t\t<\/div>\n\t\t\t\t<div class=\"vamtam-has-theme-widget-styles elementor-element elementor-element-80b4234 elementor-widget elementor-widget-text-editor\" data-id=\"80b4234\" data-element_type=\"widget\" data-e-type=\"widget\" data-widget_type=\"text-editor.default\">\n\t\t\t\t<div class=\"elementor-widget-container\">\n\t\t\t\t\t\t\t\t\t<p data-start=\"670\" data-end=\"738\">Atrav\u00e9s do website podem ser recolhidos os seguintes dados pessoais:<\/p>\n<ul data-start=\"740\" data-end=\"809\">\n<li data-start=\"740\" data-end=\"748\">\n<p data-start=\"742\" data-end=\"748\">Nome<\/p>\n<\/li>\n<li data-start=\"749\" data-end=\"770\">\n<p data-start=\"751\" data-end=\"770\">Endere\u00e7o de email<\/p>\n<\/li>\n<li data-start=\"771\" data-end=\"793\">\n<p data-start=\"773\" data-end=\"793\">N\u00famero de telefone<\/p>\n<\/li>\n<li data-start=\"794\" data-end=\"809\">\n<p data-start=\"796\" data-end=\"809\">Localiza\u00e7\u00e3o<\/p>\n<\/li>\n<\/ul>\t\t\t\t\t\t\t\t<\/div>\n\t\t\t\t<\/div>\n\t\t\t\t<div class=\"elementor-element elementor-element-bba2812 elementor-widget-divider--view-line elementor-widget elementor-widget-divider\" data-id=\"bba2812\" data-element_type=\"widget\" data-e-type=\"widget\" data-widget_type=\"divider.default\">\n\t\t\t\t<div class=\"elementor-widget-container\">\n\t\t\t\t\t\t\t<div class=\"elementor-divider\">\n\t\t\t<span class=\"elementor-divider-separator\">\n\t\t\t\t\t\t<\/span>\n\t\t<\/div>\n\t\t\t\t\t\t<\/div>\n\t\t\t\t<\/div>\n\t\t\t\t<div class=\"elementor-element elementor-element-bfb5181 elementor-widget elementor-widget-heading\" data-id=\"bfb5181\" data-element_type=\"widget\" data-e-type=\"widget\" data-widget_type=\"heading.default\">\n\t\t\t\t<div class=\"elementor-widget-container\">\n\t\t\t\t\t<h3 class=\"elementor-heading-title elementor-size-default\">3. Forma de Recolha dos Dados<\/h3>\t\t\t\t<\/div>\n\t\t\t\t<\/div>\n\t\t\t\t<div class=\"vamtam-has-theme-widget-styles elementor-element elementor-element-32544da elementor-widget elementor-widget-text-editor\" data-id=\"32544da\" data-element_type=\"widget\" data-e-type=\"widget\" data-widget_type=\"text-editor.default\">\n\t\t\t\t<div class=\"elementor-widget-container\">\n\t\t\t\t\t\t\t\t\t<p data-start=\"850\" data-end=\"909\">Os dados pessoais s\u00e3o recolhidos exclusivamente atrav\u00e9s do:<\/p>\n<ul data-start=\"911\" data-end=\"972\">\n<li data-start=\"911\" data-end=\"972\">\n<p data-start=\"913\" data-end=\"972\">Formul\u00e1rio de pedido de reserva disponibilizado no website.<\/p>\n<\/li>\n<\/ul>\t\t\t\t\t\t\t\t<\/div>\n\t\t\t\t<\/div>\n\t\t\t\t<div class=\"elementor-element elementor-element-d544700 elementor-widget-divider--view-line elementor-widget elementor-widget-divider\" data-id=\"d544700\" data-element_type=\"widget\" data-e-type=\"widget\" data-widget_type=\"divider.default\">\n\t\t\t\t<div class=\"elementor-widget-container\">\n\t\t\t\t\t\t\t<div class=\"elementor-divider\">\n\t\t\t<span class=\"elementor-divider-separator\">\n\t\t\t\t\t\t<\/span>\n\t\t<\/div>\n\t\t\t\t\t\t<\/div>\n\t\t\t\t<\/div>\n\t\t\t\t<div class=\"elementor-element elementor-element-0682b3b elementor-widget elementor-widget-heading\" data-id=\"0682b3b\" data-element_type=\"widget\" data-e-type=\"widget\" data-widget_type=\"heading.default\">\n\t\t\t\t<div class=\"elementor-widget-container\">\n\t\t\t\t\t<h3 class=\"elementor-heading-title elementor-size-default\">4. Finalidade do Tratamento dos Dados<\/h3>\t\t\t\t<\/div>\n\t\t\t\t<\/div>\n\t\t\t\t<div class=\"vamtam-has-theme-widget-styles elementor-element elementor-element-b0a8ff4 elementor-widget elementor-widget-text-editor\" data-id=\"b0a8ff4\" data-element_type=\"widget\" data-e-type=\"widget\" data-widget_type=\"text-editor.default\">\n\t\t\t\t<div class=\"elementor-widget-container\">\n\t\t\t\t\t\t\t\t\t<p data-start=\"1021\" data-end=\"1055\">Os dados recolhidos destinam-se a:<\/p>\n<ul data-start=\"1057\" data-end=\"1252\">\n<li data-start=\"1057\" data-end=\"1099\">\n<p data-start=\"1059\" data-end=\"1099\">Gest\u00e3o e resposta a pedidos de reserva<\/p>\n<\/li>\n<li data-start=\"1100\" data-end=\"1129\">\n<p data-start=\"1102\" data-end=\"1129\">Contacto com o utilizador<\/p>\n<\/li>\n<li data-start=\"1130\" data-end=\"1178\">\n<p data-start=\"1132\" data-end=\"1178\">Organiza\u00e7\u00e3o e gest\u00e3o de servi\u00e7os solicitados<\/p>\n<\/li>\n<li data-start=\"1179\" data-end=\"1252\">\n<p data-start=\"1181\" data-end=\"1252\">An\u00e1lise estat\u00edstica e melhoria da experi\u00eancia de navega\u00e7\u00e3o no website<\/p>\n<\/li>\n<\/ul>\t\t\t\t\t\t\t\t<\/div>\n\t\t\t\t<\/div>\n\t\t\t\t<div class=\"elementor-element elementor-element-e4f2cc2 elementor-widget-divider--view-line elementor-widget elementor-widget-divider\" data-id=\"e4f2cc2\" data-element_type=\"widget\" data-e-type=\"widget\" data-widget_type=\"divider.default\">\n\t\t\t\t<div class=\"elementor-widget-container\">\n\t\t\t\t\t\t\t<div class=\"elementor-divider\">\n\t\t\t<span class=\"elementor-divider-separator\">\n\t\t\t\t\t\t<\/span>\n\t\t<\/div>\n\t\t\t\t\t\t<\/div>\n\t\t\t\t<\/div>\n\t\t\t\t<div class=\"elementor-element elementor-element-b0ecb5b elementor-widget elementor-widget-heading\" data-id=\"b0ecb5b\" data-element_type=\"widget\" data-e-type=\"widget\" data-widget_type=\"heading.default\">\n\t\t\t\t<div class=\"elementor-widget-container\">\n\t\t\t\t\t<h3 class=\"elementor-heading-title elementor-size-default\">5. Fundamento Jur\u00eddico do Tratamento<\/h3>\t\t\t\t<\/div>\n\t\t\t\t<\/div>\n\t\t\t\t<div class=\"vamtam-has-theme-widget-styles elementor-element elementor-element-26fc423 elementor-widget elementor-widget-text-editor\" data-id=\"26fc423\" data-element_type=\"widget\" data-e-type=\"widget\" data-widget_type=\"text-editor.default\">\n\t\t\t\t<div class=\"elementor-widget-container\">\n\t\t\t\t\t\t\t\t\t<p data-start=\"1300\" data-end=\"1344\">O tratamento de dados pessoais baseia-se em:<\/p>\n<ul data-start=\"1346\" data-end=\"1525\">\n<li data-start=\"1346\" data-end=\"1412\">\n<p data-start=\"1348\" data-end=\"1412\">Dilig\u00eancias pr\u00e9-contratuais e execu\u00e7\u00e3o de servi\u00e7os solicitados<\/p>\n<\/li>\n<li data-start=\"1413\" data-end=\"1470\">\n<p data-start=\"1415\" data-end=\"1470\">Consentimento do titular dos dados (quando aplic\u00e1vel)<\/p>\n<\/li>\n<li data-start=\"1471\" data-end=\"1525\">\n<p data-start=\"1473\" data-end=\"1525\">Interesse leg\u00edtimo na gest\u00e3o e melhoria do website<\/p>\n<\/li>\n<\/ul>\t\t\t\t\t\t\t\t<\/div>\n\t\t\t\t<\/div>\n\t\t\t\t<div class=\"elementor-element elementor-element-a789b03 elementor-widget-divider--view-line elementor-widget elementor-widget-divider\" data-id=\"a789b03\" data-element_type=\"widget\" data-e-type=\"widget\" data-widget_type=\"divider.default\">\n\t\t\t\t<div class=\"elementor-widget-container\">\n\t\t\t\t\t\t\t<div class=\"elementor-divider\">\n\t\t\t<span class=\"elementor-divider-separator\">\n\t\t\t\t\t\t<\/span>\n\t\t<\/div>\n\t\t\t\t\t\t<\/div>\n\t\t\t\t<\/div>\n\t\t\t\t<div class=\"elementor-element elementor-element-21ce9af elementor-widget elementor-widget-heading\" data-id=\"21ce9af\" data-element_type=\"widget\" data-e-type=\"widget\" data-widget_type=\"heading.default\">\n\t\t\t\t<div class=\"elementor-widget-container\">\n\t\t\t\t\t<h3 class=\"elementor-heading-title elementor-size-default\">6. Partilha de Dados com Terceiros<\/h3>\t\t\t\t<\/div>\n\t\t\t\t<\/div>\n\t\t\t\t<div class=\"vamtam-has-theme-widget-styles elementor-element elementor-element-cd0744f elementor-widget elementor-widget-text-editor\" data-id=\"cd0744f\" data-element_type=\"widget\" data-e-type=\"widget\" data-widget_type=\"text-editor.default\">\n\t\t\t\t<div class=\"elementor-widget-container\">\n\t\t\t\t\t\t\t\t\t<p data-start=\"1571\" data-end=\"1663\">Os dados poder\u00e3o ser partilhados com servi\u00e7os externos de marketing e an\u00e1lise, nomeadamente:<\/p>\n<ul data-start=\"1665\" data-end=\"1748\">\n<li data-start=\"1665\" data-end=\"1706\">\n<p data-start=\"1667\" data-end=\"1706\"><span class=\"hover:entity-accent entity-underline inline cursor-pointer align-baseline\"><span class=\"whitespace-normal\">Google Analytics<\/span><\/span><\/p>\n<\/li>\n<li data-start=\"1707\" data-end=\"1748\">\n<p data-start=\"1709\" data-end=\"1748\"><span class=\"hover:entity-accent entity-underline inline cursor-pointer align-baseline\"><span class=\"whitespace-normal\">Facebook<\/span><\/span><\/p>\n<\/li>\n<\/ul>\n<p data-start=\"1750\" data-end=\"1923\">Estes servi\u00e7os poder\u00e3o recolher dados atrav\u00e9s de cookies e tecnologias semelhantes para fins estat\u00edsticos e de marketing, nos termos das respetivas pol\u00edticas de privacidade.<\/p>\n<p data-start=\"1925\" data-end=\"1972\">N\u00e3o existe venda de dados pessoais a terceiros.<\/p>\t\t\t\t\t\t\t\t<\/div>\n\t\t\t\t<\/div>\n\t\t\t\t<div class=\"elementor-element elementor-element-ea27000 elementor-widget-divider--view-line elementor-widget elementor-widget-divider\" data-id=\"ea27000\" data-element_type=\"widget\" data-e-type=\"widget\" data-widget_type=\"divider.default\">\n\t\t\t\t<div class=\"elementor-widget-container\">\n\t\t\t\t\t\t\t<div class=\"elementor-divider\">\n\t\t\t<span class=\"elementor-divider-separator\">\n\t\t\t\t\t\t<\/span>\n\t\t<\/div>\n\t\t\t\t\t\t<\/div>\n\t\t\t\t<\/div>\n\t\t\t\t<div class=\"elementor-element elementor-element-4887296 elementor-widget elementor-widget-heading\" data-id=\"4887296\" data-element_type=\"widget\" data-e-type=\"widget\" data-widget_type=\"heading.default\">\n\t\t\t\t<div class=\"elementor-widget-container\">\n\t\t\t\t\t<h3 class=\"elementor-heading-title elementor-size-default\">7. Cookies<\/h3>\t\t\t\t<\/div>\n\t\t\t\t<\/div>\n\t\t\t\t<div class=\"vamtam-has-theme-widget-styles elementor-element elementor-element-4384271 elementor-widget elementor-widget-text-editor\" data-id=\"4384271\" data-element_type=\"widget\" data-e-type=\"widget\" data-widget_type=\"text-editor.default\">\n\t\t\t\t<div class=\"elementor-widget-container\">\n\t\t\t\t\t\t\t\t\t<p data-start=\"1994\" data-end=\"2078\">O website utiliza cookies para melhorar a experi\u00eancia do utilizador. S\u00e3o utilizados:<\/p>\n<ul data-start=\"2080\" data-end=\"2189\">\n<li data-start=\"2080\" data-end=\"2141\">\n<p data-start=\"2082\" data-end=\"2141\">Cookies essenciais (necess\u00e1rios ao funcionamento do site)<\/p>\n<\/li>\n<li data-start=\"2142\" data-end=\"2164\">\n<p data-start=\"2144\" data-end=\"2164\">Cookies anal\u00edticos<\/p>\n<\/li>\n<li data-start=\"2165\" data-end=\"2189\">\n<p data-start=\"2167\" data-end=\"2189\">Cookies de marketing<\/p>\n<\/li>\n<\/ul>\n<p data-start=\"2191\" data-end=\"2330\">O utilizador pode configurar o seu navegador para bloquear ou eliminar cookies, podendo essa a\u00e7\u00e3o afetar o normal funcionamento do website.<\/p>\t\t\t\t\t\t\t\t<\/div>\n\t\t\t\t<\/div>\n\t\t\t\t<div class=\"elementor-element elementor-element-61b5b97 elementor-widget-divider--view-line elementor-widget elementor-widget-divider\" data-id=\"61b5b97\" data-element_type=\"widget\" data-e-type=\"widget\" data-widget_type=\"divider.default\">\n\t\t\t\t<div class=\"elementor-widget-container\">\n\t\t\t\t\t\t\t<div class=\"elementor-divider\">\n\t\t\t<span class=\"elementor-divider-separator\">\n\t\t\t\t\t\t<\/span>\n\t\t<\/div>\n\t\t\t\t\t\t<\/div>\n\t\t\t\t<\/div>\n\t\t\t\t<div class=\"elementor-element elementor-element-2c81ce6 elementor-widget elementor-widget-heading\" data-id=\"2c81ce6\" data-element_type=\"widget\" data-e-type=\"widget\" data-widget_type=\"heading.default\">\n\t\t\t\t<div class=\"elementor-widget-container\">\n\t\t\t\t\t<h3 class=\"elementor-heading-title elementor-size-default\">8. Conserva\u00e7\u00e3o dos Dados<\/h3>\t\t\t\t<\/div>\n\t\t\t\t<\/div>\n\t\t\t\t<div class=\"vamtam-has-theme-widget-styles elementor-element elementor-element-e39875a elementor-widget elementor-widget-text-editor\" data-id=\"e39875a\" data-element_type=\"widget\" data-e-type=\"widget\" data-widget_type=\"text-editor.default\">\n\t\t\t\t<div class=\"elementor-widget-container\">\n\t\t\t\t\t\t\t\t\t<p data-start=\"2366\" data-end=\"2467\">Os dados pessoais ser\u00e3o conservados pelo per\u00edodo necess\u00e1rio \u00e0s finalidades para que foram recolhidos:<\/p>\n<ul data-start=\"2469\" data-end=\"2502\">\n<li data-start=\"2469\" data-end=\"2502\">\n<p data-start=\"2471\" data-end=\"2502\">Dados de contacto: at\u00e9 5 anos<\/p>\n<\/li>\n<\/ul>\n<p data-start=\"2504\" data-end=\"2578\">Findo o per\u00edodo de conserva\u00e7\u00e3o, os dados ser\u00e3o eliminados de forma segura.<\/p>\t\t\t\t\t\t\t\t<\/div>\n\t\t\t\t<\/div>\n\t\t\t\t<div class=\"elementor-element elementor-element-38b0462 elementor-widget-divider--view-line elementor-widget elementor-widget-divider\" data-id=\"38b0462\" data-element_type=\"widget\" data-e-type=\"widget\" data-widget_type=\"divider.default\">\n\t\t\t\t<div class=\"elementor-widget-container\">\n\t\t\t\t\t\t\t<div class=\"elementor-divider\">\n\t\t\t<span class=\"elementor-divider-separator\">\n\t\t\t\t\t\t<\/span>\n\t\t<\/div>\n\t\t\t\t\t\t<\/div>\n\t\t\t\t<\/div>\n\t\t\t\t<div class=\"elementor-element elementor-element-2273d88 elementor-widget elementor-widget-heading\" data-id=\"2273d88\" data-element_type=\"widget\" data-e-type=\"widget\" data-widget_type=\"heading.default\">\n\t\t\t\t<div class=\"elementor-widget-container\">\n\t\t\t\t\t<h3 class=\"elementor-heading-title elementor-size-default\">9. Armazenamento e Seguran\u00e7a<\/h3>\t\t\t\t<\/div>\n\t\t\t\t<\/div>\n\t\t\t\t<div class=\"vamtam-has-theme-widget-styles elementor-element elementor-element-6321313 elementor-widget elementor-widget-text-editor\" data-id=\"6321313\" data-element_type=\"widget\" data-e-type=\"widget\" data-widget_type=\"text-editor.default\">\n\t\t\t\t<div class=\"elementor-widget-container\">\n\t\t\t\t\t\t\t\t\t<p data-start=\"2618\" data-end=\"2687\">Os dados s\u00e3o armazenados em servidores localizados na Uni\u00e3o Europeia.<\/p>\n<p data-start=\"2689\" data-end=\"2852\">S\u00e3o implementadas medidas t\u00e9cnicas e organizativas adequadas para proteger os dados pessoais contra perda, acesso n\u00e3o autorizado, altera\u00e7\u00e3o ou divulga\u00e7\u00e3o indevida.<\/p>\t\t\t\t\t\t\t\t<\/div>\n\t\t\t\t<\/div>\n\t\t\t\t<div class=\"elementor-element elementor-element-b018b47 elementor-widget-divider--view-line elementor-widget elementor-widget-divider\" data-id=\"b018b47\" data-element_type=\"widget\" data-e-type=\"widget\" data-widget_type=\"divider.default\">\n\t\t\t\t<div class=\"elementor-widget-container\">\n\t\t\t\t\t\t\t<div class=\"elementor-divider\">\n\t\t\t<span class=\"elementor-divider-separator\">\n\t\t\t\t\t\t<\/span>\n\t\t<\/div>\n\t\t\t\t\t\t<\/div>\n\t\t\t\t<\/div>\n\t\t\t\t<div class=\"elementor-element elementor-element-9a28fc6 elementor-widget elementor-widget-heading\" data-id=\"9a28fc6\" data-element_type=\"widget\" data-e-type=\"widget\" data-widget_type=\"heading.default\">\n\t\t\t\t<div class=\"elementor-widget-container\">\n\t\t\t\t\t<h3 class=\"elementor-heading-title elementor-size-default\">10. Direitos do Titular dos Dados<\/h3>\t\t\t\t<\/div>\n\t\t\t\t<\/div>\n\t\t\t\t<div class=\"vamtam-has-theme-widget-styles elementor-element elementor-element-2f9155e elementor-widget elementor-widget-text-editor\" data-id=\"2f9155e\" data-element_type=\"widget\" data-e-type=\"widget\" data-widget_type=\"text-editor.default\">\n\t\t\t\t<div class=\"elementor-widget-container\">\n\t\t\t\t\t\t\t\t\t<p data-start=\"2897\" data-end=\"2979\">Nos termos do Regulamento (UE) 2016\/679 (RGPD), o titular dos dados tem direito a:<\/p>\n<ul data-start=\"2981\" data-end=\"3210\">\n<li data-start=\"2981\" data-end=\"3015\">\n<p data-start=\"2983\" data-end=\"3015\">Aceder aos seus dados pessoais<\/p>\n<\/li>\n<li data-start=\"3016\" data-end=\"3061\">\n<p data-start=\"3018\" data-end=\"3061\">Solicitar a retifica\u00e7\u00e3o de dados inexatos<\/p>\n<\/li>\n<li data-start=\"3062\" data-end=\"3098\">\n<p data-start=\"3064\" data-end=\"3098\">Solicitar o apagamento dos dados<\/p>\n<\/li>\n<li data-start=\"3099\" data-end=\"3138\">\n<p data-start=\"3101\" data-end=\"3138\">Solicitar a limita\u00e7\u00e3o do tratamento<\/p>\n<\/li>\n<li data-start=\"3139\" data-end=\"3164\">\n<p data-start=\"3141\" data-end=\"3164\">Opor-se ao tratamento<\/p>\n<\/li>\n<li data-start=\"3165\" data-end=\"3210\">\n<p data-start=\"3167\" data-end=\"3210\">Retirar o consentimento, quando aplic\u00e1vel<\/p>\n<\/li>\n<\/ul>\n<p data-start=\"3212\" data-end=\"3306\">Para exercer os seus direitos, dever\u00e1 contactar a respons\u00e1vel atrav\u00e9s do email indicado acima.<\/p>\n<p data-start=\"3308\" data-end=\"3408\">O titular dos dados pode ainda apresentar reclama\u00e7\u00e3o junto da <span class=\"hover:entity-accent entity-underline inline cursor-pointer align-baseline\"><span class=\"whitespace-normal\">Comiss\u00e3o Nacional de Prote\u00e7\u00e3o de Dados<\/span><\/span>.<\/p>\t\t\t\t\t\t\t\t<\/div>\n\t\t\t\t<\/div>\n\t\t\t\t<div class=\"elementor-element elementor-element-0aebd66 elementor-widget-divider--view-line elementor-widget elementor-widget-divider\" data-id=\"0aebd66\" data-element_type=\"widget\" data-e-type=\"widget\" data-widget_type=\"divider.default\">\n\t\t\t\t<div class=\"elementor-widget-container\">\n\t\t\t\t\t\t\t<div class=\"elementor-divider\">\n\t\t\t<span class=\"elementor-divider-separator\">\n\t\t\t\t\t\t<\/span>\n\t\t<\/div>\n\t\t\t\t\t\t<\/div>\n\t\t\t\t<\/div>\n\t\t\t\t<div class=\"elementor-element elementor-element-9e3eda0 elementor-widget elementor-widget-heading\" data-id=\"9e3eda0\" data-element_type=\"widget\" data-e-type=\"widget\" data-widget_type=\"heading.default\">\n\t\t\t\t<div class=\"elementor-widget-container\">\n\t\t\t\t\t<h3 class=\"elementor-heading-title elementor-size-default\">11. Altera\u00e7\u00f5es \u00e0 Pol\u00edtica de Privacidade<\/h3>\t\t\t\t<\/div>\n\t\t\t\t<\/div>\n\t\t\t\t<div class=\"vamtam-has-theme-widget-styles elementor-element elementor-element-0688555 elementor-widget elementor-widget-text-editor\" data-id=\"0688555\" data-element_type=\"widget\" data-e-type=\"widget\" data-widget_type=\"text-editor.default\">\n\t\t\t\t<div class=\"elementor-widget-container\">\n\t\t\t\t\t\t\t\t\t<p data-start=\"3460\" data-end=\"3584\">A presente Pol\u00edtica de Privacidade poder\u00e1 ser atualizada a qualquer momento. Recomenda-se a consulta peri\u00f3dica desta p\u00e1gina.<\/p>\t\t\t\t\t\t\t\t<\/div>\n\t\t\t\t<\/div>\n\t\t\t\t<div class=\"elementor-element elementor-element-d8520a0 elementor-widget-divider--view-line elementor-widget elementor-widget-divider\" data-id=\"d8520a0\" data-element_type=\"widget\" data-e-type=\"widget\" data-widget_type=\"divider.default\">\n\t\t\t\t<div class=\"elementor-widget-container\">\n\t\t\t\t\t\t\t<div class=\"elementor-divider\">\n\t\t\t<span class=\"elementor-divider-separator\">\n\t\t\t\t\t\t<\/span>\n\t\t<\/div>\n\t\t\t\t\t\t<\/div>\n\t\t\t\t<\/div>\n\t\t\t\t<div class=\"elementor-element elementor-element-0406f9d elementor-widget-divider--view-line elementor-widget elementor-widget-divider\" data-id=\"0406f9d\" data-element_type=\"widget\" data-e-type=\"widget\" data-widget_type=\"divider.default\">\n\t\t\t\t<div class=\"elementor-widget-container\">\n\t\t\t\t\t\t\t<div class=\"elementor-divider\">\n\t\t\t<span class=\"elementor-divider-separator\">\n\t\t\t\t\t\t<\/span>\n\t\t<\/div>\n\t\t\t\t\t\t<\/div>\n\t\t\t\t<\/div>\n\t\t\t\t\t<\/div>\n\t\t<\/div>\n\t\t\t\t\t<\/div>\n\t\t<\/section>\n\t\t\t\t<\/div>\n\t\t","protected":false},"excerpt":{"rendered":"<p>A presente Pol\u00edtica de Privacidade descreve como os dados pessoais s\u00e3o recolhidos, utilizados e protegidos no website pawla.pt, sob responsabilidade de Paula Pinheiro. Ao utilizar este website, o utilizador concorda com os termos descritos nesta Pol\u00edtica de Privacidade. 1. Respons\u00e1vel pelo Tratamento dos Dados A respons\u00e1vel pelo tratamento dos dados pessoais \u00e9: Paula PinheiroEmail para&#8230;<\/p>\n","protected":false},"author":1,"featured_media":0,"parent":0,"menu_order":0,"comment_status":"closed","ping_status":"closed","template":"","meta":{"footnotes":""},"class_list":["post-3","page","type-page","status-publish","hentry"],"_links":{"self":[{"href":"https:\/\/pawla.pt\/index.php\/wp-json\/wp\/v2\/pages\/3","targetHints":{"allow":["GET"]}}],"collection":[{"href":"https:\/\/pawla.pt\/index.php\/wp-json\/wp\/v2\/pages"}],"about":[{"href":"https:\/\/pawla.pt\/index.php\/wp-json\/wp\/v2\/types\/page"}],"author":[{"embeddable":true,"href":"https:\/\/pawla.pt\/index.php\/wp-json\/wp\/v2\/users\/1"}],"replies":[{"embeddable":true,"href":"https:\/\/pawla.pt\/index.php\/wp-json\/wp\/v2\/comments?post=3"}],"version-history":[{"count":4,"href":"https:\/\/pawla.pt\/index.php\/wp-json\/wp\/v2\/pages\/3\/revisions"}],"predecessor-version":[{"id":988063,"href":"https:\/\/pawla.pt\/index.php\/wp-json\/wp\/v2\/pages\/3\/revisions\/988063"}],"wp:attachment":[{"href":"https:\/\/pawla.pt\/index.php\/wp-json\/wp\/v2\/media?parent=3"}],"curies":[{"name":"wp","href":"https:\/\/api.w.org\/{rel}","templated":true}]}}